{"id":1500,"date":"2024-07-06T11:50:15","date_gmt":"2024-07-06T10:50:15","guid":{"rendered":"https:\/\/www.sebastienchevalier.com\/?page_id=1500"},"modified":"2024-07-06T11:50:16","modified_gmt":"2024-07-06T10:50:16","slug":"tirages-dart","status":"publish","type":"page","link":"https:\/\/www.sebastienchevalier.com\/?page_id=1500","title":{"rendered":"Tirages d&rsquo;art"},"content":{"rendered":"\n<div class=\"rl-gallery-container rl-loading rl-pagination-infinite\" id=\"rl-gallery-container-1\" data-gallery_id=\"1482\"> <div class=\"rl-gallery rl-basicmasonry-gallery \" id=\"rl-gallery-1\" data-gallery_no=\"1\"> <div class=\"rl-gutter-sizer\"><\/div><div class=\"rl-grid-sizer\"><\/div> <div class=\"rl-gallery-item rl-gallery-item-width-4\" > <div class=\"rl-gallery-item-content\"> <a href=\"https:\/\/www.sebastienchevalier.com\/wp-content\/uploads\/2024\/07\/Tirage-A.jpg\" title=\"\" data-rl_title=\"\" class=\"rl-gallery-link\" data-rl_caption=\"\" data-rel=\"lightbox-gallery-1\"><img src=\"https:\/\/www.sebastienchevalier.com\/wp-content\/uploads\/2024\/07\/Tirage-A-845x1062.jpg\" width=\"480\" height=\"603\" alt=\"\"\/><\/a> <\/div> <\/div> <div class=\"rl-gallery-item\" > <div class=\"rl-gallery-item-content\"> <a href=\"https:\/\/www.sebastienchevalier.com\/wp-content\/uploads\/2024\/07\/Tirage-B.jpg\" title=\"\" data-rl_title=\"\" class=\"rl-gallery-link\" data-rl_caption=\"\" data-rel=\"lightbox-gallery-1\"><img src=\"https:\/\/www.sebastienchevalier.com\/wp-content\/uploads\/2024\/07\/Tirage-B-845x1062.jpg\" width=\"480\" height=\"603\" alt=\"\"\/><\/a> <\/div> <\/div> <div class=\"rl-gallery-item\" > <div class=\"rl-gallery-item-content\"> <a href=\"https:\/\/www.sebastienchevalier.com\/wp-content\/uploads\/2024\/07\/Tirage-C.jpg\" title=\"\" data-rl_title=\"\" class=\"rl-gallery-link\" data-rl_caption=\"\" data-rel=\"lightbox-gallery-1\"><img src=\"https:\/\/www.sebastienchevalier.com\/wp-content\/uploads\/2024\/07\/Tirage-C-845x1062.jpg\" width=\"480\" height=\"603\" alt=\"\"\/><\/a> <\/div> <\/div> <div class=\"rl-gallery-item\" > <div class=\"rl-gallery-item-content\"> <a href=\"https:\/\/www.sebastienchevalier.com\/wp-content\/uploads\/2024\/07\/Tirage-D.jpg\" title=\"\" data-rl_title=\"\" class=\"rl-gallery-link\" data-rl_caption=\"\" data-rel=\"lightbox-gallery-1\"><img src=\"https:\/\/www.sebastienchevalier.com\/wp-content\/uploads\/2024\/07\/Tirage-D-845x1062.jpg\" width=\"480\" height=\"603\" alt=\"\"\/><\/a> <\/div> <\/div> <div class=\"rl-gallery-item\" > <div class=\"rl-gallery-item-content\"> <a href=\"https:\/\/www.sebastienchevalier.com\/wp-content\/uploads\/2024\/07\/Tirage-E.jpg\" title=\"\" data-rl_title=\"\" class=\"rl-gallery-link\" data-rl_caption=\"\" data-rel=\"lightbox-gallery-1\"><img src=\"https:\/\/www.sebastienchevalier.com\/wp-content\/uploads\/2024\/07\/Tirage-E-845x1062.jpg\" width=\"480\" height=\"603\" alt=\"\"\/><\/a> <\/div> <\/div> <div class=\"rl-gallery-item\" > <div class=\"rl-gallery-item-content\"> <a href=\"https:\/\/www.sebastienchevalier.com\/wp-content\/uploads\/2024\/07\/Tirage-F.jpg\" title=\"\" data-rl_title=\"\" class=\"rl-gallery-link\" data-rl_caption=\"\" data-rel=\"lightbox-gallery-1\"><img src=\"https:\/\/www.sebastienchevalier.com\/wp-content\/uploads\/2024\/07\/Tirage-F-845x855.jpg\" width=\"480\" height=\"486\" alt=\"\"\/><\/a> <\/div> <\/div> <\/div> <div class=\"rl-gallery-description\">Des tirages d&#039;art num\u00e9rot\u00e9s et sign\u00e9s sur papier Fine Art William Turner 320g sont disponibles au format 50 x 70 cm, 70 x 70 cm ou 50 x 50 cm.<br \/> Possibilit\u00e9 de formats diff\u00e9rents et choix des oeuvres sur demande.<\/div><div class=\"rl-pagination rl-pagination-bottom\" data-button=\"automatically\"><\/div> <\/div>\n","protected":false},"excerpt":{"rendered":"","protected":false},"author":1,"featured_media":0,"parent":0,"menu_order":0,"comment_status":"closed","ping_status":"closed","template":"","meta":[],"_links":{"self":[{"href":"https:\/\/www.sebastienchevalier.com\/index.php?rest_route=\/wp\/v2\/pages\/1500"}],"collection":[{"href":"https:\/\/www.sebastienchevalier.com\/index.php?rest_route=\/wp\/v2\/pages"}],"about":[{"href":"https:\/\/www.sebastienchevalier.com\/index.php?rest_route=\/wp\/v2\/types\/page"}],"author":[{"embeddable":true,"href":"https:\/\/www.sebastienchevalier.com\/index.php?rest_route=\/wp\/v2\/users\/1"}],"replies":[{"embeddable":true,"href":"https:\/\/www.sebastienchevalier.com\/index.php?rest_route=%2Fwp%2Fv2%2Fcomments&post=1500"}],"version-history":[{"count":1,"href":"https:\/\/www.sebastienchevalier.com\/index.php?rest_route=\/wp\/v2\/pages\/1500\/revisions"}],"predecessor-version":[{"id":1502,"href":"https:\/\/www.sebastienchevalier.com\/index.php?rest_route=\/wp\/v2\/pages\/1500\/revisions\/1502"}],"wp:attachment":[{"href":"https:\/\/www.sebastienchevalier.com\/index.php?rest_route=%2Fwp%2Fv2%2Fmedia&parent=1500"}],"curies":[{"name":"wp","href":"https:\/\/api.w.org\/{rel}","templated":true}]}}