{"id":1350,"date":"2024-06-30T14:45:26","date_gmt":"2024-06-30T13:45:26","guid":{"rendered":"https:\/\/www.sebastienchevalier.com\/?page_id=1350"},"modified":"2024-06-30T16:06:54","modified_gmt":"2024-06-30T15:06:54","slug":"latelier","status":"publish","type":"page","link":"https:\/\/www.sebastienchevalier.com\/?page_id=1350","title":{"rendered":"L&rsquo;atelier"},"content":{"rendered":"\n<p><em><mark style=\"background-color:#ffffff\" class=\"has-inline-color has-vivid-cyan-blue-color\">Depuis 2023 <strong>L&rsquo;atelier de Bordeaux Lac<\/strong><\/mark><\/em><\/p>\n\n\n\n<div class=\"rl-gallery-container rl-loading rl-pagination-paged\" id=\"rl-gallery-container-1\" data-gallery_id=\"1390\"> <div class=\"rl-gallery-description\">Depuis f\u00e9vrier 2023, S\u00e9bastien est r\u00e9sident artiste au sein du tiers lieu Lac C dans le quartier du lac \u00e0 Bordeaux. Les visites \u00e0 l&#039;atelier sont sur rendez vous.<\/div><div class=\"rl-pagination rl-pagination-top\"><\/div> <div class=\"rl-gallery rl-basicmasonry-gallery rl-hover-icon-9\" id=\"rl-gallery-1\" data-gallery_no=\"1\"> <div class=\"rl-gutter-sizer\"><\/div><div class=\"rl-grid-sizer\"><\/div> <div class=\"rl-gallery-item rl-gallery-item-width-4\" > <div class=\"rl-gallery-item-content\"> <a href=\"https:\/\/www.sebastienchevalier.com\/wp-content\/uploads\/2024\/06\/Capture-decran-2024-06-30-a-16.31.10.png\" title=\"\" data-rl_title=\"\" class=\"rl-gallery-link\" data-rl_caption=\"\" data-rel=\"lightbox-gallery-1\"><img src=\"https:\/\/www.sebastienchevalier.com\/wp-content\/uploads\/2024\/06\/Capture-decran-2024-06-30-a-16.31.10.png\" width=\"1490\" height=\"1482\" alt=\"\"\/><\/a> <\/div> <\/div> <div class=\"rl-gallery-item\" > <div class=\"rl-gallery-item-content\"> <a href=\"https:\/\/www.sebastienchevalier.com\/wp-content\/uploads\/2024\/06\/Capture-decran-2024-06-30-a-16.30.41.png\" title=\"\" data-rl_title=\"\" class=\"rl-gallery-link\" data-rl_caption=\"\" data-rel=\"lightbox-gallery-1\"><img src=\"https:\/\/www.sebastienchevalier.com\/wp-content\/uploads\/2024\/06\/Capture-decran-2024-06-30-a-16.30.41.png\" width=\"1492\" height=\"1486\" alt=\"\"\/><\/a> <\/div> <\/div> <div class=\"rl-gallery-item\" > <div class=\"rl-gallery-item-content\"> <a href=\"https:\/\/www.sebastienchevalier.com\/wp-content\/uploads\/2024\/06\/Capture-decran-2024-06-30-a-16.30.08.png\" title=\"\" data-rl_title=\"\" class=\"rl-gallery-link\" data-rl_caption=\"\" data-rel=\"lightbox-gallery-1\"><img src=\"https:\/\/www.sebastienchevalier.com\/wp-content\/uploads\/2024\/06\/Capture-decran-2024-06-30-a-16.30.08.png\" width=\"1488\" height=\"1490\" alt=\"\"\/><\/a> <\/div> <\/div> <div class=\"rl-gallery-item\" > <div class=\"rl-gallery-item-content\"> <a href=\"https:\/\/www.sebastienchevalier.com\/wp-content\/uploads\/2024\/06\/9449425C-262E-43F0-A770-A8CA7E57A770.jpg\" title=\"\" data-rl_title=\"\" class=\"rl-gallery-link\" data-rl_caption=\"\" data-rel=\"lightbox-gallery-1\"><img src=\"https:\/\/www.sebastienchevalier.com\/wp-content\/uploads\/2024\/06\/9449425C-262E-43F0-A770-A8CA7E57A770.jpg\" width=\"1440\" height=\"1794\" alt=\"\"\/><\/a> <\/div> <\/div> <div class=\"rl-gallery-item\" > <div class=\"rl-gallery-item-content\"> <a href=\"https:\/\/www.sebastienchevalier.com\/wp-content\/uploads\/2024\/06\/Capture-decran-2024-06-30-a-16.30.56.png\" title=\"\" data-rl_title=\"\" class=\"rl-gallery-link\" data-rl_caption=\"\" data-rel=\"lightbox-gallery-1\"><img src=\"https:\/\/www.sebastienchevalier.com\/wp-content\/uploads\/2024\/06\/Capture-decran-2024-06-30-a-16.30.56.png\" width=\"1484\" height=\"1484\" alt=\"\"\/><\/a> <\/div> <\/div> <div class=\"rl-gallery-item\" > <div class=\"rl-gallery-item-content\"> <a href=\"https:\/\/www.sebastienchevalier.com\/wp-content\/uploads\/2024\/06\/91B2117D-E0DC-40D0-976B-33A5722828FB.jpg\" title=\"\" data-rl_title=\"\" class=\"rl-gallery-link\" data-rl_caption=\"\" data-rel=\"lightbox-gallery-1\"><img src=\"https:\/\/www.sebastienchevalier.com\/wp-content\/uploads\/2024\/06\/91B2117D-E0DC-40D0-976B-33A5722828FB.jpg\" width=\"1440\" height=\"1794\" alt=\"\"\/><\/a> <\/div> <\/div> <div class=\"rl-gallery-item\" > <div class=\"rl-gallery-item-content\"> <a href=\"https:\/\/www.sebastienchevalier.com\/wp-content\/uploads\/2024\/06\/Capture-decran-2024-06-30-a-16.31.19.png\" title=\"\" data-rl_title=\"\" class=\"rl-gallery-link\" data-rl_caption=\"\" data-rel=\"lightbox-gallery-1\"><img src=\"https:\/\/www.sebastienchevalier.com\/wp-content\/uploads\/2024\/06\/Capture-decran-2024-06-30-a-16.31.19.png\" width=\"1484\" height=\"1484\" alt=\"\"\/><\/a> <\/div> <\/div> <div class=\"rl-gallery-item\" > <div class=\"rl-gallery-item-content\"> <a href=\"https:\/\/www.sebastienchevalier.com\/wp-content\/uploads\/2024\/06\/Capture-decran-2024-06-30-a-16.32.01.png\" title=\"\" data-rl_title=\"\" class=\"rl-gallery-link\" data-rl_caption=\"\" data-rel=\"lightbox-gallery-1\"><img src=\"https:\/\/www.sebastienchevalier.com\/wp-content\/uploads\/2024\/06\/Capture-decran-2024-06-30-a-16.32.01.png\" width=\"1482\" height=\"1114\" alt=\"\"\/><\/a> <\/div> <\/div> <div class=\"rl-gallery-item\" > <div class=\"rl-gallery-item-content\"> <a href=\"https:\/\/www.sebastienchevalier.com\/wp-content\/uploads\/2024\/06\/Capture-decran-2024-06-30-a-16.32.18.png\" title=\"\" data-rl_title=\"\" class=\"rl-gallery-link\" data-rl_caption=\"\" data-rel=\"lightbox-gallery-1\"><img src=\"https:\/\/www.sebastienchevalier.com\/wp-content\/uploads\/2024\/06\/Capture-decran-2024-06-30-a-16.32.18.png\" width=\"1488\" height=\"1484\" alt=\"\"\/><\/a> <\/div> <\/div> <div class=\"rl-gallery-item\" > <div class=\"rl-gallery-item-content\"> <a href=\"https:\/\/www.sebastienchevalier.com\/wp-content\/uploads\/2024\/06\/Capture-decran-2024-06-30-a-16.32.35.png\" title=\"\" data-rl_title=\"\" class=\"rl-gallery-link\" data-rl_caption=\"\" data-rel=\"lightbox-gallery-1\"><img src=\"https:\/\/www.sebastienchevalier.com\/wp-content\/uploads\/2024\/06\/Capture-decran-2024-06-30-a-16.32.35.png\" width=\"1194\" height=\"1486\" alt=\"\"\/><\/a> <\/div> <\/div> <div class=\"rl-gallery-item\" > <div class=\"rl-gallery-item-content\"> <a href=\"https:\/\/www.sebastienchevalier.com\/wp-content\/uploads\/2024\/06\/IMG_8639-1992x1992.jpg\" title=\"\" data-rl_title=\"\" class=\"rl-gallery-link\" data-rl_caption=\"\" data-rel=\"lightbox-gallery-1\"><img src=\"https:\/\/www.sebastienchevalier.com\/wp-content\/uploads\/2024\/06\/IMG_8639-scaled.jpg\" width=\"2560\" height=\"2560\" alt=\"\"\/><\/a> <\/div> <\/div> <div class=\"rl-gallery-item\" > <div class=\"rl-gallery-item-content\"> <a href=\"https:\/\/www.sebastienchevalier.com\/wp-content\/uploads\/2024\/06\/IMG_8970-1992x1992.jpeg\" title=\"\" data-rl_title=\"\" class=\"rl-gallery-link\" data-rl_caption=\"\" data-rel=\"lightbox-gallery-1\"><img src=\"https:\/\/www.sebastienchevalier.com\/wp-content\/uploads\/2024\/06\/IMG_8970-scaled.jpeg\" width=\"2560\" height=\"2560\" alt=\"\"\/><\/a> <\/div> <\/div> <div class=\"rl-gallery-item\" > <div class=\"rl-gallery-item-content\"> <a href=\"https:\/\/www.sebastienchevalier.com\/wp-content\/uploads\/2024\/06\/IMG_8971-1992x1992.jpeg\" title=\"\" data-rl_title=\"\" class=\"rl-gallery-link\" data-rl_caption=\"\" data-rel=\"lightbox-gallery-1\"><img src=\"https:\/\/www.sebastienchevalier.com\/wp-content\/uploads\/2024\/06\/IMG_8971-scaled.jpeg\" width=\"2560\" height=\"2560\" alt=\"\"\/><\/a> <\/div> <\/div> <div class=\"rl-gallery-item\" > <div class=\"rl-gallery-item-content\"> <a href=\"https:\/\/www.sebastienchevalier.com\/wp-content\/uploads\/2024\/06\/IMG_9015-1992x1441.jpeg\" title=\"\" data-rl_title=\"\" class=\"rl-gallery-link\" data-rl_caption=\"\" data-rel=\"lightbox-gallery-1\"><img src=\"https:\/\/www.sebastienchevalier.com\/wp-content\/uploads\/2024\/06\/IMG_9015-scaled.jpeg\" width=\"2560\" height=\"1852\" alt=\"\"\/><\/a> <\/div> <\/div> <div class=\"rl-gallery-item\" > <div class=\"rl-gallery-item-content\"> <a href=\"https:\/\/www.sebastienchevalier.com\/wp-content\/uploads\/2024\/06\/IMG_9022-1992x2639.jpeg\" title=\"\" data-rl_title=\"\" class=\"rl-gallery-link\" data-rl_caption=\"\" data-rel=\"lightbox-gallery-1\"><img src=\"https:\/\/www.sebastienchevalier.com\/wp-content\/uploads\/2024\/06\/IMG_9022-scaled.jpeg\" width=\"1932\" height=\"2560\" alt=\"\"\/><\/a> <\/div> <\/div> <\/div> <\/div>\n\n\n\n<p><\/p>\n\n\n\n<hr class=\"wp-block-separator has-alpha-channel-opacity is-style-wide\"\/>\n\n\n\n<p><em><mark style=\"background-color:#ffffff\" class=\"has-inline-color has-vivid-cyan-blue-color\">2020- 2022     <strong>L&rsquo;atelier sur les bords de la Garonne \u00e0 Latresne<\/strong><\/mark><\/em><\/p>\n\n\n\n<div class=\"rl-gallery-container rl-loading rl-pagination-paged\" id=\"rl-gallery-container-2\" data-gallery_id=\"1355\"> <div class=\"rl-gallery-description\">&quot; Comment d\u00e9crire les deux ann\u00e9es que j&#039;ai v\u00e9cu ici? En plein confinement, j&#039;ai peins, j&#039;ai dessin\u00e9, j&#039;ai grav\u00e9 dans un bain de lumi\u00e8re que faisait vibrer le lent mouvement des p\u00e9niches et du mascaret sur la Garonne. Un grand espace flanqu\u00e9 de parquet ancien et de murs blancs. Souvent seule ma chaise bleue venait rompre la monochromie \u00e9tincelante au milieu des draps de coton et de lin qui allaient bient\u00f4t recevoir la couleur et les formes. Parfois un trio de musiciens venait occuper un peu de place acoustique au sein du concert des oiseaux de la berge et des clapotis du fleuve. C&#039;est ici que j&#039;ai affirm\u00e9 mon besoin visc\u00e9ral de peindre.&quot;<\/div><div class=\"rl-pagination rl-pagination-top\"><\/div> <div class=\"rl-gallery rl-basicmasonry-gallery rl-hover-icon-9\" id=\"rl-gallery-2\" data-gallery_no=\"2\"> <div class=\"rl-gutter-sizer\"><\/div><div class=\"rl-grid-sizer\"><\/div> <div class=\"rl-gallery-item rl-gallery-item-width-4\" > <div class=\"rl-gallery-item-content\"> <a href=\"https:\/\/www.sebastienchevalier.com\/wp-content\/uploads\/2024\/06\/portrait-dans-latelier-1992x1424.jpg\" title=\"\" data-rl_title=\"\" class=\"rl-gallery-link\" data-rl_caption=\"\" data-rel=\"lightbox-gallery-2\"><img src=\"https:\/\/www.sebastienchevalier.com\/wp-content\/uploads\/2024\/06\/portrait-dans-latelier-scaled.jpg\" width=\"2560\" height=\"1830\" alt=\"\"\/><\/a> <\/div> <\/div> <div class=\"rl-gallery-item\" > <div class=\"rl-gallery-item-content\"> <a href=\"https:\/\/www.sebastienchevalier.com\/wp-content\/uploads\/2024\/06\/61B01CC5-F2CE-45D6-94B5-5A2146D40FB2-1.jpg\" title=\"\" data-rl_title=\"\" class=\"rl-gallery-link\" data-rl_caption=\"\" data-rel=\"lightbox-gallery-2\"><img src=\"https:\/\/www.sebastienchevalier.com\/wp-content\/uploads\/2024\/06\/61B01CC5-F2CE-45D6-94B5-5A2146D40FB2-1.jpg\" width=\"1276\" height=\"1273\" alt=\"\"\/><\/a> <\/div> <\/div> <div class=\"rl-gallery-item\" > <div class=\"rl-gallery-item-content\"> <a href=\"https:\/\/www.sebastienchevalier.com\/wp-content\/uploads\/2024\/06\/MZPI8366-1992x1992.jpg\" title=\"\" data-rl_title=\"\" class=\"rl-gallery-link\" data-rl_caption=\"\" data-rel=\"lightbox-gallery-2\"><img src=\"https:\/\/www.sebastienchevalier.com\/wp-content\/uploads\/2024\/06\/MZPI8366-scaled.jpg\" width=\"2560\" height=\"2560\" alt=\"\"\/><\/a> <\/div> <\/div> <div class=\"rl-gallery-item\" > <div class=\"rl-gallery-item-content\"> <a href=\"https:\/\/www.sebastienchevalier.com\/wp-content\/uploads\/2024\/06\/CB812DBC-85F7-4C7D-9BF8-C9EC2F5552A4.jpg\" title=\"\" data-rl_title=\"\" class=\"rl-gallery-link\" data-rl_caption=\"\" data-rel=\"lightbox-gallery-2\"><img src=\"https:\/\/www.sebastienchevalier.com\/wp-content\/uploads\/2024\/06\/CB812DBC-85F7-4C7D-9BF8-C9EC2F5552A4.jpg\" width=\"1440\" height=\"1440\" alt=\"\"\/><\/a> <\/div> <\/div> <div class=\"rl-gallery-item\" > <div class=\"rl-gallery-item-content\"> <a href=\"https:\/\/www.sebastienchevalier.com\/wp-content\/uploads\/2024\/06\/IMG_3265-1992x1992.jpeg\" title=\"\" data-rl_title=\"\" class=\"rl-gallery-link\" data-rl_caption=\"\" data-rel=\"lightbox-gallery-2\"><img src=\"https:\/\/www.sebastienchevalier.com\/wp-content\/uploads\/2024\/06\/IMG_3265-scaled.jpeg\" width=\"2560\" height=\"2560\" alt=\"\"\/><\/a> <\/div> <\/div> <div class=\"rl-gallery-item\" > <div class=\"rl-gallery-item-content\"> <a href=\"https:\/\/www.sebastienchevalier.com\/wp-content\/uploads\/2024\/06\/IMG_6011-1992x1992.jpg\" title=\"\" data-rl_title=\"\" class=\"rl-gallery-link\" data-rl_caption=\"\" data-rel=\"lightbox-gallery-2\"><img src=\"https:\/\/www.sebastienchevalier.com\/wp-content\/uploads\/2024\/06\/IMG_6011-scaled.jpg\" width=\"2560\" height=\"2560\" alt=\"\"\/><\/a> <\/div> <\/div> <div class=\"rl-gallery-item\" > <div class=\"rl-gallery-item-content\"> <a href=\"https:\/\/www.sebastienchevalier.com\/wp-content\/uploads\/2024\/06\/atelier-1992x1494.jpg\" title=\"\" data-rl_title=\"\" class=\"rl-gallery-link\" data-rl_caption=\"\" data-rel=\"lightbox-gallery-2\"><img src=\"https:\/\/www.sebastienchevalier.com\/wp-content\/uploads\/2024\/06\/atelier-scaled.jpg\" width=\"2560\" height=\"1920\" alt=\"\"\/><\/a> <\/div> <\/div> <div class=\"rl-gallery-item\" > <div class=\"rl-gallery-item-content\"> <a href=\"https:\/\/www.sebastienchevalier.com\/wp-content\/uploads\/2024\/06\/601B0604-9695-4410-8510-D3BEDD199644.jpg\" title=\"\" data-rl_title=\"\" class=\"rl-gallery-link\" data-rl_caption=\"\" data-rel=\"lightbox-gallery-2\"><img src=\"https:\/\/www.sebastienchevalier.com\/wp-content\/uploads\/2024\/06\/601B0604-9695-4410-8510-D3BEDD199644.jpg\" width=\"1440\" height=\"1440\" alt=\"\"\/><\/a> <\/div> <\/div> <div class=\"rl-gallery-item\" > <div class=\"rl-gallery-item-content\"> <a href=\"https:\/\/www.sebastienchevalier.com\/wp-content\/uploads\/2024\/06\/image3-1-1992x1992.jpeg\" title=\"\" data-rl_title=\"\" class=\"rl-gallery-link\" data-rl_caption=\"\" data-rel=\"lightbox-gallery-2\"><img src=\"https:\/\/www.sebastienchevalier.com\/wp-content\/uploads\/2024\/06\/image3-1-scaled.jpeg\" width=\"2560\" height=\"2560\" alt=\"\"\/><\/a> <\/div> <\/div> <div class=\"rl-gallery-item\" > <div class=\"rl-gallery-item-content\"> <a href=\"https:\/\/www.sebastienchevalier.com\/wp-content\/uploads\/2024\/06\/912E06F3-DE13-4A54-AEE3-49C6743E7961.jpg\" title=\"\" data-rl_title=\"\" class=\"rl-gallery-link\" data-rl_caption=\"\" data-rel=\"lightbox-gallery-2\"><img src=\"https:\/\/www.sebastienchevalier.com\/wp-content\/uploads\/2024\/06\/912E06F3-DE13-4A54-AEE3-49C6743E7961.jpg\" width=\"1440\" height=\"1440\" alt=\"\"\/><\/a> <\/div> <\/div> <div class=\"rl-gallery-item\" > <div class=\"rl-gallery-item-content\"> <a href=\"https:\/\/www.sebastienchevalier.com\/wp-content\/uploads\/2024\/06\/F1CCCDE4-1417-4851-835D-125C4BCBE578.jpg\" title=\"\" data-rl_title=\"\" class=\"rl-gallery-link\" data-rl_caption=\"\" data-rel=\"lightbox-gallery-2\"><img src=\"https:\/\/www.sebastienchevalier.com\/wp-content\/uploads\/2024\/06\/F1CCCDE4-1417-4851-835D-125C4BCBE578.jpg\" width=\"1440\" height=\"1440\" alt=\"\"\/><\/a> <\/div> <\/div> <div class=\"rl-gallery-item\" > <div class=\"rl-gallery-item-content\"> <a href=\"https:\/\/www.sebastienchevalier.com\/wp-content\/uploads\/2024\/06\/IMG_0162-1992x1992.jpg\" title=\"\" data-rl_title=\"\" class=\"rl-gallery-link\" data-rl_caption=\"\" data-rel=\"lightbox-gallery-2\"><img src=\"https:\/\/www.sebastienchevalier.com\/wp-content\/uploads\/2024\/06\/IMG_0162.jpg\" width=\"2448\" height=\"2448\" alt=\"\"\/><\/a> <\/div> <\/div> <div class=\"rl-gallery-item\" > <div class=\"rl-gallery-item-content\"> <a href=\"https:\/\/www.sebastienchevalier.com\/wp-content\/uploads\/2024\/06\/IMG_1063-1992x1992.jpeg\" title=\"\" data-rl_title=\"\" class=\"rl-gallery-link\" data-rl_caption=\"\" data-rel=\"lightbox-gallery-2\"><img src=\"https:\/\/www.sebastienchevalier.com\/wp-content\/uploads\/2024\/06\/IMG_1063-scaled.jpeg\" width=\"2560\" height=\"2560\" alt=\"\"\/><\/a> <\/div> <\/div> <div class=\"rl-gallery-item\" > <div class=\"rl-gallery-item-content\"> <a href=\"https:\/\/www.sebastienchevalier.com\/wp-content\/uploads\/2024\/06\/IMG_1283-1992x2656.jpeg\" title=\"\" data-rl_title=\"\" class=\"rl-gallery-link\" data-rl_caption=\"\" data-rel=\"lightbox-gallery-2\"><img src=\"https:\/\/www.sebastienchevalier.com\/wp-content\/uploads\/2024\/06\/IMG_1283-scaled.jpeg\" width=\"1920\" height=\"2560\" alt=\"\"\/><\/a> <\/div> <\/div> <div class=\"rl-gallery-item\" > <div class=\"rl-gallery-item-content\"> <a href=\"https:\/\/www.sebastienchevalier.com\/wp-content\/uploads\/2024\/06\/IMG_2948-1992x1494.jpeg\" title=\"\" data-rl_title=\"\" class=\"rl-gallery-link\" data-rl_caption=\"\" data-rel=\"lightbox-gallery-2\"><img src=\"https:\/\/www.sebastienchevalier.com\/wp-content\/uploads\/2024\/06\/IMG_2948-scaled.jpeg\" width=\"2560\" height=\"1920\" alt=\"\"\/><\/a> <\/div> <\/div> <div class=\"rl-gallery-item\" > <div class=\"rl-gallery-item-content\"> <a href=\"https:\/\/www.sebastienchevalier.com\/wp-content\/uploads\/2024\/06\/IMG_3403-1992x1992.jpeg\" title=\"\" data-rl_title=\"\" class=\"rl-gallery-link\" data-rl_caption=\"\" data-rel=\"lightbox-gallery-2\"><img src=\"https:\/\/www.sebastienchevalier.com\/wp-content\/uploads\/2024\/06\/IMG_3403-scaled.jpeg\" width=\"2560\" height=\"2560\" alt=\"\"\/><\/a> <\/div> <\/div> <div class=\"rl-gallery-item\" > <div class=\"rl-gallery-item-content\"> <a href=\"https:\/\/www.sebastienchevalier.com\/wp-content\/uploads\/2024\/06\/IMG_3407-1992x447.jpeg\" title=\"\" data-rl_title=\"\" class=\"rl-gallery-link\" data-rl_caption=\"\" data-rel=\"lightbox-gallery-2\"><img src=\"https:\/\/www.sebastienchevalier.com\/wp-content\/uploads\/2024\/06\/IMG_3407-scaled.jpeg\" width=\"2560\" height=\"574\" alt=\"\"\/><\/a> <\/div> <\/div> <div class=\"rl-gallery-item\" > <div class=\"rl-gallery-item-content\"> <a href=\"https:\/\/www.sebastienchevalier.com\/wp-content\/uploads\/2024\/06\/IMG_5925-1992x1494.jpg\" title=\"\" data-rl_title=\"\" class=\"rl-gallery-link\" data-rl_caption=\"\" data-rel=\"lightbox-gallery-2\"><img src=\"https:\/\/www.sebastienchevalier.com\/wp-content\/uploads\/2024\/06\/IMG_5925-scaled.jpg\" width=\"2560\" height=\"1920\" alt=\"\"\/><\/a> <\/div> <\/div> <div class=\"rl-gallery-item\" > <div class=\"rl-gallery-item-content\"> <a href=\"https:\/\/www.sebastienchevalier.com\/wp-content\/uploads\/2024\/06\/IMG_6406-1992x1992.jpg\" title=\"\" data-rl_title=\"\" class=\"rl-gallery-link\" data-rl_caption=\"\" data-rel=\"lightbox-gallery-2\"><img src=\"https:\/\/www.sebastienchevalier.com\/wp-content\/uploads\/2024\/06\/IMG_6406-scaled.jpg\" width=\"2560\" height=\"2560\" alt=\"\"\/><\/a> <\/div> <\/div> <div class=\"rl-gallery-item\" > <div class=\"rl-gallery-item-content\"> <a href=\"https:\/\/www.sebastienchevalier.com\/wp-content\/uploads\/2024\/06\/IMG_E6503-1992x1992.jpg\" title=\"\" data-rl_title=\"\" class=\"rl-gallery-link\" data-rl_caption=\"\" data-rel=\"lightbox-gallery-2\"><img src=\"https:\/\/www.sebastienchevalier.com\/wp-content\/uploads\/2024\/06\/IMG_E6503-scaled.jpg\" width=\"2560\" height=\"2560\" alt=\"\"\/><\/a> <\/div> <\/div> <div class=\"rl-gallery-item\" > <div class=\"rl-gallery-item-content\"> <a href=\"https:\/\/www.sebastienchevalier.com\/wp-content\/uploads\/2024\/06\/IMG_E6504-1992x1992.jpg\" title=\"\" data-rl_title=\"\" class=\"rl-gallery-link\" data-rl_caption=\"\" data-rel=\"lightbox-gallery-2\"><img src=\"https:\/\/www.sebastienchevalier.com\/wp-content\/uploads\/2024\/06\/IMG_E6504-scaled.jpg\" width=\"2560\" height=\"2560\" alt=\"\"\/><\/a> <\/div> <\/div> <\/div> <\/div>\n\n\n\n<figure class=\"wp-block-video\"><video controls src=\"http:\/\/www.sebastienchevalier.com\/wp-content\/uploads\/2024\/06\/IMG_1097.mov\"><\/video><\/figure>\n\n\n\n<p>_____________________________________________________<\/p>\n\n\n\n<p><\/p>\n\n\n\n<p><\/p>\n","protected":false},"excerpt":{"rendered":"<p>Depuis 2023 L&rsquo;atelier de Bordeaux Lac 2020- 2022 L&rsquo;atelier sur les bords de la Garonne \u00e0 Latresne _____________________________________________________<\/p>\n","protected":false},"author":1,"featured_media":0,"parent":0,"menu_order":0,"comment_status":"closed","ping_status":"closed","template":"","meta":[],"_links":{"self":[{"href":"https:\/\/www.sebastienchevalier.com\/index.php?rest_route=\/wp\/v2\/pages\/1350"}],"collection":[{"href":"https:\/\/www.sebastienchevalier.com\/index.php?rest_route=\/wp\/v2\/pages"}],"about":[{"href":"https:\/\/www.sebastienchevalier.com\/index.php?rest_route=\/wp\/v2\/types\/page"}],"author":[{"embeddable":true,"href":"https:\/\/www.sebastienchevalier.com\/index.php?rest_route=\/wp\/v2\/users\/1"}],"replies":[{"embeddable":true,"href":"https:\/\/www.sebastienchevalier.com\/index.php?rest_route=%2Fwp%2Fv2%2Fcomments&post=1350"}],"version-history":[{"count":7,"href":"https:\/\/www.sebastienchevalier.com\/index.php?rest_route=\/wp\/v2\/pages\/1350\/revisions"}],"predecessor-version":[{"id":1427,"href":"https:\/\/www.sebastienchevalier.com\/index.php?rest_route=\/wp\/v2\/pages\/1350\/revisions\/1427"}],"wp:attachment":[{"href":"https:\/\/www.sebastienchevalier.com\/index.php?rest_route=%2Fwp%2Fv2%2Fmedia&parent=1350"}],"curies":[{"name":"wp","href":"https:\/\/api.w.org\/{rel}","templated":true}]}}