{"id":548,"date":"2020-07-09T10:20:50","date_gmt":"2020-07-09T09:20:50","guid":{"rendered":"http:\/\/www.sebastienchevalier.com\/?page_id=548"},"modified":"2024-07-01T13:43:19","modified_gmt":"2024-07-01T12:43:19","slug":"bio","status":"publish","type":"page","link":"http:\/\/www.sebastienchevalier.com\/?page_id=548","title":{"rendered":"Biographie"},"content":{"rendered":"\n<figure class=\"wp-block-image size-large is-resized\"><img decoding=\"async\" loading=\"lazy\" src=\"http:\/\/www.sebastienchevalier.com\/wp-content\/uploads\/2024\/02\/417458350_18323495347141358_5913835699382275435_n-845x1056.jpeg\" alt=\"\" class=\"wp-image-1115\" width=\"427\" height=\"533\" srcset=\"http:\/\/www.sebastienchevalier.com\/wp-content\/uploads\/2024\/02\/417458350_18323495347141358_5913835699382275435_n-845x1056.jpeg 845w, http:\/\/www.sebastienchevalier.com\/wp-content\/uploads\/2024\/02\/417458350_18323495347141358_5913835699382275435_n-240x300.jpeg 240w, http:\/\/www.sebastienchevalier.com\/wp-content\/uploads\/2024\/02\/417458350_18323495347141358_5913835699382275435_n-768x960.jpeg 768w, http:\/\/www.sebastienchevalier.com\/wp-content\/uploads\/2024\/02\/417458350_18323495347141358_5913835699382275435_n-1229x1536.jpeg 1229w, http:\/\/www.sebastienchevalier.com\/wp-content\/uploads\/2024\/02\/417458350_18323495347141358_5913835699382275435_n-738x923.jpeg 738w, http:\/\/www.sebastienchevalier.com\/wp-content\/uploads\/2024\/02\/417458350_18323495347141358_5913835699382275435_n-996x1245.jpeg 996w, http:\/\/www.sebastienchevalier.com\/wp-content\/uploads\/2024\/02\/417458350_18323495347141358_5913835699382275435_n.jpeg 1440w\" sizes=\"(max-width: 427px) 100vw, 427px\" \/><\/figure>\n\n\n\n<p>Artiste peintre et musicien, S\u00e9bastien Chevalier explore de nombreux champs artistiques, associant une r\u00e9flexion sur la peinture abstraite avec des exp\u00e9riences sonores. A travers la peinture, la gravure, le dessin ou encore la sculpture, l&rsquo;artiste recherche librement \u00e0 renouveler la forme et la mati\u00e8re, s&rsquo;inscrivant dans une d\u00e9marche volontairement ludique. Bas\u00e9 sur un vocabulaire plastique issu des sch\u00e9mas de l\u2019enfance, ses installations oniriques m\u00ealent la figure et le son.<\/p>\n\n\n\n<p>Agr\u00e9g\u00e9 d\u2019arts plastiques, S\u00e9bastien Chevalier Vodopivitz plus connu sous le pseudonyme Petit Vodo, vit et travaille \u00e0 Bordeaux et voyage en Europe depuis plus de vingt ans \u00e0 la recherche d\u2019une d\u00e9finition moderne de la musique blues tout en d\u00e9veloppant en parall\u00e8le son travail autour de la peinture contemporaine et de l\u2019installation.<\/p>\n\n\n\n<p>Parti \u00e0 la fin des ann\u00e9es 80 \u00e9tudier les arts plastiques \u00e0 l\u2019Universit\u00e9 de Paris I, il s\u2019engage tr\u00e8s t\u00f4t dans une r\u00e9flexion sur les relations intimes entre les arts. A la fin de ses \u00e9tudes il vit six mois en Toscane, fascin\u00e9 par l\u2019effervescence artistique de la r\u00e9gion, copiant les grands ma\u00eetres du Quatroccento. A son retour, il est engag\u00e9 comme conf\u00e9rencier au CAPC de Bordeaux sous la direction de Jean Louis Froment au d\u00e9but des ann\u00e9es 90, puis \u00e0 la Galerie Nationale du Jeu de Paume \u00e0 Paris. Il y fait la connaissance du cin\u00e9aste franco-chilien Raoul Ruiz et travaille sur la r\u00e9trospective de Marcel Broodtaers ou de Max Ernst au Centre Georges Pompidou \/ Mus\u00e9e National d\u2019Art Moderne. Ces exp\u00e9riences vont nourrir et influencer une grande part de sa production.<\/p>\n\n\n\n<p>En 2006 il signe la musique de \u00abHeroes\u00bb, pi\u00e8ce de danse contemporaine de la chor\u00e9graphe Emmanuel Huyhn et travaille comme compositeur en r\u00e9sidence pendant plus d\u2019un an au sein du CNDC Centre National de Danse Contemporaine \u00e0 Angers.<\/p>\n\n\n\n<p>Depuis plus de dix ans l\u2019artiste enseigne les arts plastiques et collabore \u00e0 de multiples projets artistiques en France. Publiant r\u00e9guli\u00e8rement des disques et parcourant les sc\u00e8nes de l\u2019hexagone, exposant ses travaux picturaux dans divers galeries et centre d\u2019art contemporain.<\/p>\n\n\n\n<p>S\u00e9bastien Chevalier est \u00e9galement commissaire aux expositions  \u00e0 la galerie La Trame, vitrine d&rsquo;art contemporain de l&rsquo;agence ZWA Architectes et Associ\u00e9s \u00e0 Bordeaux. <\/p>\n\n\n\n<p><a href=\"https:\/\/www.zwa.archi\/articles\">https:\/\/www.zwa.archi\/articles<\/a><\/p>\n","protected":false},"excerpt":{"rendered":"<p>Artiste peintre et musicien, S\u00e9bastien Chevalier explore de nombreux champs artistiques, associant une r\u00e9flexion sur la peinture abstraite avec des exp\u00e9riences sonores. A travers la peinture, la gravure, le dessin ou encore la sculpture, l&rsquo;artiste recherche librement \u00e0 renouveler la forme et la mati\u00e8re, s&rsquo;inscrivant dans une d\u00e9marche volontairement ludique. Bas\u00e9 sur un vocabulaire plastique &#8230;<\/p>\n","protected":false},"author":1,"featured_media":0,"parent":0,"menu_order":0,"comment_status":"closed","ping_status":"closed","template":"","meta":[],"_links":{"self":[{"href":"http:\/\/www.sebastienchevalier.com\/index.php?rest_route=\/wp\/v2\/pages\/548"}],"collection":[{"href":"http:\/\/www.sebastienchevalier.com\/index.php?rest_route=\/wp\/v2\/pages"}],"about":[{"href":"http:\/\/www.sebastienchevalier.com\/index.php?rest_route=\/wp\/v2\/types\/page"}],"author":[{"embeddable":true,"href":"http:\/\/www.sebastienchevalier.com\/index.php?rest_route=\/wp\/v2\/users\/1"}],"replies":[{"embeddable":true,"href":"http:\/\/www.sebastienchevalier.com\/index.php?rest_route=%2Fwp%2Fv2%2Fcomments&post=548"}],"version-history":[{"count":41,"href":"http:\/\/www.sebastienchevalier.com\/index.php?rest_route=\/wp\/v2\/pages\/548\/revisions"}],"predecessor-version":[{"id":1437,"href":"http:\/\/www.sebastienchevalier.com\/index.php?rest_route=\/wp\/v2\/pages\/548\/revisions\/1437"}],"wp:attachment":[{"href":"http:\/\/www.sebastienchevalier.com\/index.php?rest_route=%2Fwp%2Fv2%2Fmedia&parent=548"}],"curies":[{"name":"wp","href":"https:\/\/api.w.org\/{rel}","templated":true}]}}