{"id":1149,"date":"2024-04-20T16:50:16","date_gmt":"2024-04-20T15:50:16","guid":{"rendered":"http:\/\/www.sebastienchevalier.com\/?page_id=1149"},"modified":"2025-01-27T14:58:50","modified_gmt":"2025-01-27T13:58:50","slug":"petit-vodo","status":"publish","type":"page","link":"http:\/\/www.sebastienchevalier.com\/?page_id=1149","title":{"rendered":"Petit Vodo"},"content":{"rendered":"\n<figure class=\"wp-block-image size-full is-resized\"><img decoding=\"async\" loading=\"lazy\" src=\"http:\/\/www.sebastienchevalier.com\/wp-content\/uploads\/2024\/04\/165404_276286442505934_1037777925_n.jpg\" alt=\"\" class=\"wp-image-1150\" width=\"285\" height=\"190\" srcset=\"http:\/\/www.sebastienchevalier.com\/wp-content\/uploads\/2024\/04\/165404_276286442505934_1037777925_n.jpg 800w, http:\/\/www.sebastienchevalier.com\/wp-content\/uploads\/2024\/04\/165404_276286442505934_1037777925_n-300x200.jpg 300w, http:\/\/www.sebastienchevalier.com\/wp-content\/uploads\/2024\/04\/165404_276286442505934_1037777925_n-768x512.jpg 768w, http:\/\/www.sebastienchevalier.com\/wp-content\/uploads\/2024\/04\/165404_276286442505934_1037777925_n-738x492.jpg 738w\" sizes=\"(max-width: 285px) 100vw, 285px\" \/><\/figure>\n\n\n\n<ul class=\"wp-block-social-links is-layout-flex\"><li class=\"wp-social-link wp-social-link-chain wp-block-social-link\"><a href=\"http:\/\/vodo.free.fr\" class=\"wp-block-social-link-anchor\"><svg width=\"24\" height=\"24\" viewBox=\"0 0 24 24\" version=\"1.1\" xmlns=\"http:\/\/www.w3.org\/2000\/svg\" aria-hidden=\"true\" focusable=\"false\"><path d=\"M19.647,16.706a1.134,1.134,0,0,0-.343-.833l-2.549-2.549a1.134,1.134,0,0,0-.833-.343,1.168,1.168,0,0,0-.883.392l.233.226q.2.189.264.264a2.922,2.922,0,0,1,.184.233.986.986,0,0,1,.159.312,1.242,1.242,0,0,1,.043.337,1.172,1.172,0,0,1-1.176,1.176,1.237,1.237,0,0,1-.337-.043,1,1,0,0,1-.312-.159,2.76,2.76,0,0,1-.233-.184q-.073-.068-.264-.264l-.226-.233a1.19,1.19,0,0,0-.4.895,1.134,1.134,0,0,0,.343.833L15.837,19.3a1.13,1.13,0,0,0,.833.331,1.18,1.18,0,0,0,.833-.318l1.8-1.789a1.12,1.12,0,0,0,.343-.821Zm-8.615-8.64a1.134,1.134,0,0,0-.343-.833L8.163,4.7a1.134,1.134,0,0,0-.833-.343,1.184,1.184,0,0,0-.833.331L4.7,6.473a1.12,1.12,0,0,0-.343.821,1.134,1.134,0,0,0,.343.833l2.549,2.549a1.13,1.13,0,0,0,.833.331,1.184,1.184,0,0,0,.883-.38L8.728,10.4q-.2-.189-.264-.264A2.922,2.922,0,0,1,8.28,9.9a.986.986,0,0,1-.159-.312,1.242,1.242,0,0,1-.043-.337A1.172,1.172,0,0,1,9.254,8.079a1.237,1.237,0,0,1,.337.043,1,1,0,0,1,.312.159,2.761,2.761,0,0,1,.233.184q.073.068.264.264l.226.233a1.19,1.19,0,0,0,.4-.895ZM22,16.706a3.343,3.343,0,0,1-1.042,2.488l-1.8,1.789a3.536,3.536,0,0,1-4.988-.025l-2.525-2.537a3.384,3.384,0,0,1-1.017-2.488,3.448,3.448,0,0,1,1.078-2.561l-1.078-1.078a3.434,3.434,0,0,1-2.549,1.078,3.4,3.4,0,0,1-2.5-1.029L3.029,9.794A3.4,3.4,0,0,1,2,7.294,3.343,3.343,0,0,1,3.042,4.806l1.8-1.789A3.384,3.384,0,0,1,7.331,2a3.357,3.357,0,0,1,2.5,1.042l2.525,2.537a3.384,3.384,0,0,1,1.017,2.488,3.448,3.448,0,0,1-1.078,2.561l1.078,1.078a3.551,3.551,0,0,1,5.049-.049l2.549,2.549A3.4,3.4,0,0,1,22,16.706Z\"><\/path><\/svg><span class=\"wp-block-social-link-label screen-reader-text\">Link<\/span><\/a><\/li><\/ul>\n\n\n\n<p><a href=\"https:\/\/www.youtube.com\/@vodoatomic\">https:\/\/www.youtube.com\/@vodoatomic<\/a><\/p>\n\n\n\n<p>ACTU : Nouvel album \u00e0 d\u00e9couvrir ici <a href=\"https:\/\/petitvodo.bandcamp.com\/album\/bloo\">https:\/\/petitvodo.bandcamp.com\/album\/bloo<\/a><\/p>\n\n\n\n<figure class=\"wp-block-video\"><video controls src=\"https:\/\/www.sebastienchevalier.com\/wp-content\/uploads\/2025\/01\/BLOO-PUB.mp4\"><\/video><\/figure>\n\n\n\n<p>Auteur compositeur et interpr\u00e8te, S\u00e9bastien Chevalier alias Petit Vodo ( le nom est un hommage \u00e0 son a\u00efeul slovaque Petr Vodopivitz ) est consid\u00e9r\u00e9 depuisla fin des 90&prime; par de nombreux journalistes comme le porte parole fran\u00e7ais de tous les \u00abhommes-orchestre\u00bb du blues, jouant simultan\u00e9ment de la batterie, de la guitare, de l\u2019harmonica, chantant et bidouillant ses radios en direct sur un groove d\u00e9jant\u00e9. Petit Vodo compose des titres iconoclastes renouvelant le genre du blues traditionnel et sugg\u00e8re de nouvelles relations entre les instruments du rock\u2019n\u2019roll classique. Les morceaux foisonnent de d\u00e9tails exp\u00e9rimentaux sauvages et distordus. En 2006 il signe la musique de \u00abHeroes\u00bb, pi\u00e8ce de danse contemporaine de la chor\u00e9graphe Emmanuel Huyhn et travaille comme compositeur en r\u00e9sidence pendant plus d\u2019un an au sein du CNDC Centre National de Danse Contemporaine \u00e0 Angers. Il travaille \u00e9galement avec de nombreux artistes fran\u00e7ais issus de la sc\u00e8ne pop rock (Dyonisos, Mickey 3d, Frandol&#8230;). Sign\u00e9 sur plusieurs labels en France, en Angleterre et en Australie, l&rsquo;artiste poursuit sa route musicale composant tour \u00e0 tour pour le cin\u00e9ma, la danse et la sc\u00e8ne rock. Il est \u00e9galement le leader des groupes The Suckydogs et de The Heartland Of James Pete James.<\/p>\n\n\n\n<div class=\"rl-gallery-container rl-loading\" id=\"rl-gallery-container-1\" data-gallery_id=\"1155\"> <div class=\"rl-gallery rl-basicmasonry-gallery rl-hover-effect-1\" id=\"rl-gallery-1\" data-gallery_no=\"1\"> <div class=\"rl-gutter-sizer\"><\/div><div class=\"rl-grid-sizer\"><\/div> <div class=\"rl-gallery-item rl-gallery-item-width-4\" > <div class=\"rl-gallery-item-content\"> <a href=\"http:\/\/www.sebastienchevalier.com\/wp-content\/uploads\/2024\/04\/165404_276286442505934_1037777925_n.jpg\" title=\"\" data-rl_title=\"\" class=\"rl-gallery-link\" data-rl_caption=\"\" data-rel=\"lightbox-gallery-1\"><img src=\"http:\/\/www.sebastienchevalier.com\/wp-content\/uploads\/2024\/04\/165404_276286442505934_1037777925_n.jpg\" width=\"800\" height=\"533\" alt=\"\"\/><\/a> <\/div> <\/div> <div class=\"rl-gallery-item\" > <div class=\"rl-gallery-item-content\"> <a href=\"http:\/\/www.sebastienchevalier.com\/wp-content\/uploads\/2024\/04\/1560541_531571563644086_5500522723573821279_n.jpg\" title=\"\" data-rl_title=\"\" class=\"rl-gallery-link\" data-rl_caption=\"\" data-rel=\"lightbox-gallery-1\"><img src=\"http:\/\/www.sebastienchevalier.com\/wp-content\/uploads\/2024\/04\/1560541_531571563644086_5500522723573821279_n.jpg\" width=\"550\" height=\"720\" alt=\"\"\/><\/a> <\/div> <\/div> <div class=\"rl-gallery-item\" > <div class=\"rl-gallery-item-content\"> <a href=\"http:\/\/www.sebastienchevalier.com\/wp-content\/uploads\/2024\/04\/1073099_369125146555396_1622687057_o.jpg\" title=\"\" data-rl_title=\"\" class=\"rl-gallery-link\" data-rl_caption=\"\" data-rel=\"lightbox-gallery-1\"><img src=\"http:\/\/www.sebastienchevalier.com\/wp-content\/uploads\/2024\/04\/1073099_369125146555396_1622687057_o-1536x1022.jpg\" width=\"1536\" height=\"1022\" alt=\"\"\/><\/a> <\/div> <\/div> <div class=\"rl-gallery-item\" > <div class=\"rl-gallery-item-content\"> <a href=\"http:\/\/www.sebastienchevalier.com\/wp-content\/uploads\/2024\/04\/1175564_352785838189327_838039827_n.jpg\" title=\"\" data-rl_title=\"\" class=\"rl-gallery-link\" data-rl_caption=\"\" data-rel=\"lightbox-gallery-1\"><img src=\"http:\/\/www.sebastienchevalier.com\/wp-content\/uploads\/2024\/04\/1175564_352785838189327_838039827_n.jpg\" width=\"960\" height=\"640\" alt=\"\"\/><\/a> <\/div> <\/div> <\/div> <\/div>\n","protected":false},"excerpt":{"rendered":"<p>https:\/\/www.youtube.com\/@vodoatomic ACTU : Nouvel album \u00e0 d\u00e9couvrir ici https:\/\/petitvodo.bandcamp.com\/album\/bloo Auteur compositeur et interpr\u00e8te, S\u00e9bastien Chevalier alias Petit Vodo ( le nom est un hommage \u00e0 son a\u00efeul slovaque Petr Vodopivitz ) est consid\u00e9r\u00e9 depuisla fin des 90&prime; par de nombreux journalistes comme le porte parole fran\u00e7ais de tous les \u00abhommes-orchestre\u00bb du blues, jouant simultan\u00e9ment de &#8230;<\/p>\n","protected":false},"author":1,"featured_media":0,"parent":0,"menu_order":0,"comment_status":"closed","ping_status":"closed","template":"","meta":[],"_links":{"self":[{"href":"http:\/\/www.sebastienchevalier.com\/index.php?rest_route=\/wp\/v2\/pages\/1149"}],"collection":[{"href":"http:\/\/www.sebastienchevalier.com\/index.php?rest_route=\/wp\/v2\/pages"}],"about":[{"href":"http:\/\/www.sebastienchevalier.com\/index.php?rest_route=\/wp\/v2\/types\/page"}],"author":[{"embeddable":true,"href":"http:\/\/www.sebastienchevalier.com\/index.php?rest_route=\/wp\/v2\/users\/1"}],"replies":[{"embeddable":true,"href":"http:\/\/www.sebastienchevalier.com\/index.php?rest_route=%2Fwp%2Fv2%2Fcomments&post=1149"}],"version-history":[{"count":16,"href":"http:\/\/www.sebastienchevalier.com\/index.php?rest_route=\/wp\/v2\/pages\/1149\/revisions"}],"predecessor-version":[{"id":1535,"href":"http:\/\/www.sebastienchevalier.com\/index.php?rest_route=\/wp\/v2\/pages\/1149\/revisions\/1535"}],"wp:attachment":[{"href":"http:\/\/www.sebastienchevalier.com\/index.php?rest_route=%2Fwp%2Fv2%2Fmedia&parent=1149"}],"curies":[{"name":"wp","href":"https:\/\/api.w.org\/{rel}","templated":true}]}}